{"id":2024,"date":"2021-05-10T14:08:41","date_gmt":"2021-05-10T14:08:41","guid":{"rendered":"https:\/\/stella-packaging.de\/kontakt\/"},"modified":"2021-09-08T12:27:45","modified_gmt":"2021-09-08T10:27:45","slug":"contacto","status":"publish","type":"page","link":"https:\/\/stella-packaging.de\/es\/contacto\/","title":{"rendered":"Contacto"},"content":{"rendered":"<h6>Env\u00edenos su candidatura<\/h6>\n<p>Si desea obtener m\u00e1s informaci\u00f3n sobre nuestra empresa, nuestros productos o nuestro servicio, rellene el siguiente formulario de contacto y nos pondremos en contacto con usted a la mayor brevedad.<\/p>\n","protected":false},"excerpt":{"rendered":"<p>Env\u00edenos su candidatura Si desea obtener m\u00e1s informaci\u00f3n sobre nuestra empresa, nuestros productos o nuestro servicio, rellene el siguiente formulario de contacto y nos pondremos en contacto con usted a la mayor brevedad.<\/p>\n","protected":false},"author":1,"featured_media":2002,"parent":0,"menu_order":0,"comment_status":"closed","ping_status":"closed","template":"templates\/contact.php","meta":{"footnotes":""},"class_list":["post-2024","page","type-page","status-publish","has-post-thumbnail","hentry","entry"],"acf":[],"_links":{"self":[{"href":"https:\/\/stella-packaging.de\/es\/wp-json\/wp\/v2\/pages\/2024","targetHints":{"allow":["GET"]}}],"collection":[{"href":"https:\/\/stella-packaging.de\/es\/wp-json\/wp\/v2\/pages"}],"about":[{"href":"https:\/\/stella-packaging.de\/es\/wp-json\/wp\/v2\/types\/page"}],"author":[{"embeddable":true,"href":"https:\/\/stella-packaging.de\/es\/wp-json\/wp\/v2\/users\/1"}],"replies":[{"embeddable":true,"href":"https:\/\/stella-packaging.de\/es\/wp-json\/wp\/v2\/comments?post=2024"}],"version-history":[{"count":5,"href":"https:\/\/stella-packaging.de\/es\/wp-json\/wp\/v2\/pages\/2024\/revisions"}],"predecessor-version":[{"id":2711,"href":"https:\/\/stella-packaging.de\/es\/wp-json\/wp\/v2\/pages\/2024\/revisions\/2711"}],"wp:featuredmedia":[{"embeddable":true,"href":"https:\/\/stella-packaging.de\/es\/wp-json\/wp\/v2\/media\/2002"}],"wp:attachment":[{"href":"https:\/\/stella-packaging.de\/es\/wp-json\/wp\/v2\/media?parent=2024"}],"curies":[{"name":"wp","href":"https:\/\/api.w.org\/{rel}","templated":true}]}}