{"id":2014,"date":"2021-06-10T12:04:34","date_gmt":"2021-06-10T12:04:34","guid":{"rendered":"https:\/\/stella-packaging.de\/impressum\/"},"modified":"2022-04-01T16:36:55","modified_gmt":"2022-04-01T14:36:55","slug":"aviso-legal","status":"publish","type":"page","link":"https:\/\/stella-packaging.de\/es\/aviso-legal\/","title":{"rendered":"Aviso legal"},"content":{"rendered":"<p><strong>Informaci\u00f3n conforme al art. 5 de la Ley alemana de servicios de telecomunicaci\u00f3n:<\/strong><\/p>\n<p>STELLA Kunststofftechnik GmbH<br \/>\nH.J.-M\u00fcller-Stra\u00dfe 4<br \/>\n65343 Eltville<br \/>\nAlemania<\/p>\n<p>Tel.: +49 6123 60080<br \/>\nFax: +49 6123 600866<br \/>\nE-Mail: info@stella-packaging.de<\/p>\n<p>Directores generales:<br \/>\nHeino Deussen, Alina Garz\u00f3 Deussen<\/p>\n<p>Registro:<br \/>\nInscripci\u00f3n en el registro mercantil<br \/>\nTribunal de registro: Wiesbaden<br \/>\nN\u00famero de registro: HRB 17514<br \/>\nIdentificaci\u00f3n fiscal a efectos del IVA:<br \/>\nN\u00famero de identificaci\u00f3n fiscal a efectos del IVA conforme al art\u00edculo 27a de Ley alemana del impuesto sobre el volumen de negocios: DE113880828<\/p>\n<p>&nbsp;<\/p>\n<p><strong>Concepto, dise\u00f1o y programaci\u00f3n<\/strong><\/p>\n<p>M\u00dcNCH IMPACT GmbH<br \/>\nAgencia de publicidad<br \/>\nHumboldtstra\u00dfe 6<br \/>\nD-65189 Wiesbaden<br \/>\nT + 49 611 341 58 924<br \/>\nF + 49 611 341 58 944<br \/>\ninfo@muenchimpact.com<br \/>\nwww.muenchimpact.com<\/p>\n<p><strong>Exenci\u00f3n de responsabilidad<\/strong><\/p>\n<p>Responsabilidad por contenido <\/p>\n<p>El contenido de nuestras p\u00e1ginas se ha elaborado con gran cuidado. No obstante, no podemos asumir ninguna responsabilidad por la exactitud, la exhaustividad o la actualidad del contenido. Como proveedor de servicios, somos responsables de nuestro propio contenido en estas p\u00e1ginas de acuerdo con la ley general, conforme al art\u00edculo 7, secci\u00f3n 1, de la Ley alemana de servicios de telecomunicaci\u00f3n. Conforme a los art\u00edculos 8 a 10 de la Ley alemana de servicios de telecomunicaci\u00f3n, no estamos obligados, en nuestra condici\u00f3n de proveedor de servicios, a controlar la transmisi\u00f3n o el almacenamiento de informaci\u00f3n de terceros ni a investigar circunstancias que indiquen una actividad ilegal. Esto no afecta a las obligaciones de eliminaci\u00f3n o bloqueo del uso de informaci\u00f3n seg\u00fan la ley general. En este sentido, solo es posible atribuirnos responsabilidad a partir del momento en que tengamos conocimiento de una infracci\u00f3n legal espec\u00edfica. Tan pronto como tengamos conocimiento de dichas infracciones legales, eliminaremos el contenido de inmediato.<\/p>\n<p>Responsabilidad por enlaces<\/p>\n<p>Nuestro sitio web contiene enlaces a sitios web externos de terceros, sobre cuyo contenido no tenemos ninguna influencia. Por lo tanto, no asumimos ninguna responsabilidad por dicho contenido de terceros. El responsable del contenido de las p\u00e1ginas enlazadas es siempre el respectivo proveedor u operador de las p\u00e1ginas. Las p\u00e1ginas enlazadas se han revisado para detectar posibles infracciones legales en el momento en el que se enlazaron a nuestro sitio web. No se ha detectado contenido ilegal en el momento en el que se cre\u00f3 el enlace. El control permanente del contenido de las p\u00e1ginas enlazadas no es razonable si no existe un indicio concreto de infracci\u00f3n legal. Tan pronto como tuvi\u00e9ramos conocimiento de que se ha cometido una infracci\u00f3n legal, eliminar\u00edamos los enlaces afectados de inmediato.<\/p>\n<p>Derechos de autor<\/p>\n<p>El contenido y las obras creados por el operador del sitio web y que aparecen en \u00e9l est\u00e1n sujetos a la Ley alemana de derechos de autor. La reproducci\u00f3n, el procesamiento, la distribuci\u00f3n y cualquier tipo de explotaci\u00f3n fuera de los l\u00edmites de la ley alemana de derechos de autor requieren el consentimiento por escrito del autor o creador respectivo. No se permite realizar descargar ni copias de este sitio web para uso comercial, sino exclusivamente para uso privado. En la medida en que el contenido de este sitio web no haya sido creado por el operador, se respetar\u00e1n los derechos de autor de terceros. Los contenidos de terceros aparecen marcados como tales. No obstante, si tiene conocimiento de que se han infringido los derechos de autor, le rogamos que nos lo notifique. Tan pronto como tuvi\u00e9ramos conocimiento de que se ha cometido una infracci\u00f3n legal, eliminar\u00edamos los contenidos afectados de inmediato.<\/p>\n<p>Aviso legal del generador de avisos legales del bufete de abogados Hasselbach, Bonn<\/p>\n","protected":false},"excerpt":{"rendered":"<p>Informaci\u00f3n conforme al art. 5 de la Ley alemana de servicios de telecomunicaci\u00f3n: STELLA Kunststofftechnik GmbH H.J.-M\u00fcller-Stra\u00dfe 4 65343 Eltville Alemania Tel.: +49 6123 60080 Fax: +49 6123 600866 E-Mail: info@stella-packaging.de Directores generales: Heino Deussen, Alina Garz\u00f3 Deussen Registro: Inscripci\u00f3n en el registro mercantil Tribunal de registro: Wiesbaden N\u00famero de registro: HRB 17514 Identificaci\u00f3n fiscal&hellip; <a class=\"more-link\" href=\"https:\/\/stella-packaging.de\/es\/aviso-legal\/\">Seguir leyendo <span class=\"screen-reader-text\">Aviso legal<\/span><\/a><\/p>\n","protected":false},"author":1,"featured_media":1995,"parent":0,"menu_order":0,"comment_status":"closed","ping_status":"closed","template":"","meta":{"footnotes":""},"class_list":["post-2014","page","type-page","status-publish","has-post-thumbnail","hentry","entry"],"acf":[],"_links":{"self":[{"href":"https:\/\/stella-packaging.de\/es\/wp-json\/wp\/v2\/pages\/2014","targetHints":{"allow":["GET"]}}],"collection":[{"href":"https:\/\/stella-packaging.de\/es\/wp-json\/wp\/v2\/pages"}],"about":[{"href":"https:\/\/stella-packaging.de\/es\/wp-json\/wp\/v2\/types\/page"}],"author":[{"embeddable":true,"href":"https:\/\/stella-packaging.de\/es\/wp-json\/wp\/v2\/users\/1"}],"replies":[{"embeddable":true,"href":"https:\/\/stella-packaging.de\/es\/wp-json\/wp\/v2\/comments?post=2014"}],"version-history":[{"count":6,"href":"https:\/\/stella-packaging.de\/es\/wp-json\/wp\/v2\/pages\/2014\/revisions"}],"predecessor-version":[{"id":2831,"href":"https:\/\/stella-packaging.de\/es\/wp-json\/wp\/v2\/pages\/2014\/revisions\/2831"}],"wp:featuredmedia":[{"embeddable":true,"href":"https:\/\/stella-packaging.de\/es\/wp-json\/wp\/v2\/media\/1995"}],"wp:attachment":[{"href":"https:\/\/stella-packaging.de\/es\/wp-json\/wp\/v2\/media?parent=2014"}],"curies":[{"name":"wp","href":"https:\/\/api.w.org\/{rel}","templated":true}]}}