{"id":2000,"date":"2021-06-07T05:59:52","date_gmt":"2021-06-07T05:59:52","guid":{"rendered":"https:\/\/stella-packaging.de\/downloads\/"},"modified":"2024-09-27T12:04:54","modified_gmt":"2024-09-27T10:04:54","slug":"descargas","status":"publish","type":"page","link":"https:\/\/stella-packaging.de\/es\/descargas\/","title":{"rendered":"Descargas"},"content":{"rendered":"<p class=\"JBStella\"><span lang=\"ES\">Aqu\u00ed encontrar\u00e1 informaci\u00f3n \u00fatil para descargar, como material gr\u00e1fico, recomendaciones de procesamiento y certificados. Puede solicitar m\u00e1s informaci\u00f3n a nuestro equipo de ventas de STELLA.<\/span><\/p>\n","protected":false},"excerpt":{"rendered":"<p>Aqu\u00ed encontrar\u00e1 informaci\u00f3n \u00fatil para descargar, como material gr\u00e1fico, recomendaciones de procesamiento y certificados. Puede solicitar m\u00e1s informaci\u00f3n a nuestro equipo de ventas de STELLA.<\/p>\n","protected":false},"author":1,"featured_media":2002,"parent":0,"menu_order":0,"comment_status":"closed","ping_status":"closed","template":"templates\/downloads.php","meta":{"footnotes":""},"class_list":["post-2000","page","type-page","status-publish","has-post-thumbnail","hentry","entry"],"acf":[],"_links":{"self":[{"href":"https:\/\/stella-packaging.de\/es\/wp-json\/wp\/v2\/pages\/2000","targetHints":{"allow":["GET"]}}],"collection":[{"href":"https:\/\/stella-packaging.de\/es\/wp-json\/wp\/v2\/pages"}],"about":[{"href":"https:\/\/stella-packaging.de\/es\/wp-json\/wp\/v2\/types\/page"}],"author":[{"embeddable":true,"href":"https:\/\/stella-packaging.de\/es\/wp-json\/wp\/v2\/users\/1"}],"replies":[{"embeddable":true,"href":"https:\/\/stella-packaging.de\/es\/wp-json\/wp\/v2\/comments?post=2000"}],"version-history":[{"count":5,"href":"https:\/\/stella-packaging.de\/es\/wp-json\/wp\/v2\/pages\/2000\/revisions"}],"predecessor-version":[{"id":4662,"href":"https:\/\/stella-packaging.de\/es\/wp-json\/wp\/v2\/pages\/2000\/revisions\/4662"}],"wp:featuredmedia":[{"embeddable":true,"href":"https:\/\/stella-packaging.de\/es\/wp-json\/wp\/v2\/media\/2002"}],"wp:attachment":[{"href":"https:\/\/stella-packaging.de\/es\/wp-json\/wp\/v2\/media?parent=2000"}],"curies":[{"name":"wp","href":"https:\/\/api.w.org\/{rel}","templated":true}]}}